{"id":504,"date":"2022-10-31T18:05:23","date_gmt":"2022-10-31T18:05:23","guid":{"rendered":"https:\/\/www.aligapilates.com\/?page_id=504"},"modified":"2025-10-20T22:35:44","modified_gmt":"2025-10-20T22:35:44","slug":"quien-puede-beneficiarse","status":"publish","type":"page","link":"https:\/\/www.aligapilates.com\/cat\/quien-puede-beneficiarse\/","title":{"rendered":""},"content":{"rendered":"<div class=\"wp-block-group alignfull has-background\" style=\"background-color:#eaefe6\"><div class=\"wp-block-group__inner-container is-layout-flow wp-block-group-is-layout-flow\">\n<div style=\"height:100px\" aria-hidden=\"true\" class=\"wp-block-spacer\"><\/div>\n\n\n\n<p class=\"has-text-color\" style=\"color:#000000;font-size:25px\"><strong><strong><strong><strong><strong><strong><strong><strong><strong><strong><strong><strong><strong>Qui pot beneficiar-se del pilates?<\/strong><\/strong><\/strong><\/strong><\/strong><\/strong><\/strong><\/strong><\/strong><\/strong><\/strong><\/strong><\/strong><\/p>\n\n\n\n<div style=\"height:40px\" aria-hidden=\"true\" class=\"wp-block-spacer\"><\/div>\n\n\n\n<div class=\"wp-block-columns alignwide is-layout-flex wp-container-core-columns-is-layout-9d6595d7 wp-block-columns-is-layout-flex\">\n<div class=\"wp-block-column is-layout-flow wp-block-column-is-layout-flow\" style=\"flex-basis:67%\">\n<figure class=\"wp-block-gallery aligncenter has-nested-images columns-default is-cropped wp-block-gallery-1 is-layout-flex wp-block-gallery-is-layout-flex\">\n<figure class=\"wp-block-image size-large is-style-default\"><img fetchpriority=\"high\" decoding=\"async\" width=\"1024\" height=\"659\" data-id=\"1285\" src=\"https:\/\/www.aligapilates.com\/wp-content\/uploads\/2025\/10\/AligaPilates_Grup2-1024x659.jpg\" alt=\"\" class=\"wp-image-1285\" srcset=\"https:\/\/www.aligapilates.com\/wp-content\/uploads\/2025\/10\/AligaPilates_Grup2-1024x659.jpg 1024w, https:\/\/www.aligapilates.com\/wp-content\/uploads\/2025\/10\/AligaPilates_Grup2-300x193.jpg 300w, https:\/\/www.aligapilates.com\/wp-content\/uploads\/2025\/10\/AligaPilates_Grup2-768x494.jpg 768w, https:\/\/www.aligapilates.com\/wp-content\/uploads\/2025\/10\/AligaPilates_Grup2-1536x989.jpg 1536w, https:\/\/www.aligapilates.com\/wp-content\/uploads\/2025\/10\/AligaPilates_Grup2-2048x1319.jpg 2048w, https:\/\/www.aligapilates.com\/wp-content\/uploads\/2025\/10\/AligaPilates_Grup2-18x12.jpg 18w, https:\/\/www.aligapilates.com\/wp-content\/uploads\/2025\/10\/AligaPilates_Grup2-2000x1288.jpg 2000w, https:\/\/www.aligapilates.com\/wp-content\/uploads\/2025\/10\/AligaPilates_Grup2-600x386.jpg 600w, https:\/\/www.aligapilates.com\/wp-content\/uploads\/2025\/10\/AligaPilates_Grup2-1200x773.jpg 1200w\" sizes=\"(max-width: 1024px) 100vw, 1024px\" \/><\/figure>\n<\/figure>\n<\/div>\n\n\n\n<div class=\"wp-block-column is-vertically-aligned-top is-layout-flow wp-block-column-is-layout-flow\" style=\"flex-basis:33%\">\n<p>Qualsevol persona es pot beneficiar de la pr\u00e0ctica de pilates, independentment de la seva edat, g\u00e8nere o patologia f\u00edsica.<\/p>\n\n\n\n<p>L\u2019Aut\u00e8ntic Pilates aconsegueix un desenvolupament uniforme del cos, equilibrant for\u00e7a i flexibilitat; una evoluci\u00f3 f\u00edsica orientada a cada persona. Se centra en la qualitat del moviment i contribueix a la millora de la condici\u00f3 f\u00edsica, al rendiment esportiu i a la recuperaci\u00f3 de lesions.<\/p>\n<\/div>\n<\/div>\n\n\n\n<p>La pr\u00e0ctica de pilates de manera regular engloba tots els aspectes de la salut i maximitza el potencial f\u00edsic: millor postura, for\u00e7a, flexibilitat, coordinaci\u00f3, agilitat i control.<\/p>\n<\/div><\/div>\n\n\n\n<p><\/p>","protected":false},"excerpt":{"rendered":"<p>\u00bfQui\u00e9n puede beneficiarse del Pilates? Cualquiera puede beneficiarse de la pr\u00e1ctica de Pilates, independientemente de su edad, g\u00e9nero o patolog\u00eda f\u00edsica. El Aut\u00e9ntico Pilates consigue un desarrollo uniforme del cuerpo, equilibrando fuerza y flexibilidad; una evoluci\u00f3n f\u00edsica orientada a cada persona. Se centra en la calidad del movimiento, contribuyendo a la mejora de la condici\u00f3n &hellip; <\/p>\n<p class=\"link-more\"><a href=\"https:\/\/www.aligapilates.com\/cat\/quien-puede-beneficiarse\/\" class=\"more-link\">Read more<span class=\"screen-reader-text\"> \u00ab\u00bb<\/span><\/a><\/p>","protected":false},"author":1,"featured_media":0,"parent":0,"menu_order":0,"comment_status":"closed","ping_status":"closed","template":"","meta":{"footnotes":""},"class_list":["post-504","page","type-page","status-publish","hentry"],"yoast_head":"<!-- This site is optimized with the Yoast SEO plugin v26.1.1 - https:\/\/yoast.com\/wordpress\/plugins\/seo\/ -->\n<title>- AligaPilates<\/title>\n<meta name=\"robots\" content=\"index, follow, max-snippet:-1, max-image-preview:large, max-video-preview:-1\" \/>\n<link rel=\"canonical\" href=\"https:\/\/www.aligapilates.com\/cat\/quien-puede-beneficiarse\/\" \/>\n<meta property=\"og:locale\" content=\"ca_ES\" \/>\n<meta property=\"og:type\" content=\"article\" \/>\n<meta property=\"og:title\" content=\"- AligaPilates\" \/>\n<meta property=\"og:description\" content=\"\u00bfQui\u00e9n puede beneficiarse del Pilates? Cualquiera puede beneficiarse de la pr\u00e1ctica de Pilates, independientemente de su edad, g\u00e9nero o patolog\u00eda f\u00edsica. El Aut\u00e9ntico Pilates consigue un desarrollo uniforme del cuerpo, equilibrando fuerza y flexibilidad; una evoluci\u00f3n f\u00edsica orientada a cada persona. Se centra en la calidad del movimiento, contribuyendo a la mejora de la condici\u00f3n &hellip; Read more &quot;&quot;\" \/>\n<meta property=\"og:url\" content=\"https:\/\/www.aligapilates.com\/cat\/quien-puede-beneficiarse\/\" \/>\n<meta property=\"og:site_name\" content=\"AligaPilates\" \/>\n<meta property=\"article:modified_time\" content=\"2025-10-20T22:35:44+00:00\" \/>\n<meta property=\"og:image\" content=\"https:\/\/www.aligapilates.com\/wp-content\/uploads\/2025\/10\/AligaPilates_Grup2-scaled.jpg\" \/>\n\t<meta property=\"og:image:width\" content=\"2560\" \/>\n\t<meta property=\"og:image:height\" content=\"1648\" \/>\n\t<meta property=\"og:image:type\" content=\"image\/jpeg\" \/>\n<meta name=\"twitter:card\" content=\"summary_large_image\" \/>\n<meta name=\"twitter:label1\" content=\"Temps estimat de lectura\" \/>\n\t<meta name=\"twitter:data1\" content=\"1 minut\" \/>\n<script type=\"application\/ld+json\" class=\"yoast-schema-graph\">{\"@context\":\"https:\/\/schema.org\",\"@graph\":[{\"@type\":\"WebPage\",\"@id\":\"https:\/\/www.aligapilates.com\/quien-puede-beneficiarse\/\",\"url\":\"https:\/\/www.aligapilates.com\/quien-puede-beneficiarse\/\",\"name\":\"- AligaPilates\",\"isPartOf\":{\"@id\":\"https:\/\/www.aligapilates.com\/#website\"},\"primaryImageOfPage\":{\"@id\":\"https:\/\/www.aligapilates.com\/quien-puede-beneficiarse\/#primaryimage\"},\"image\":{\"@id\":\"https:\/\/www.aligapilates.com\/quien-puede-beneficiarse\/#primaryimage\"},\"thumbnailUrl\":\"https:\/\/www.aligapilates.com\/wp-content\/uploads\/2025\/10\/AligaPilates_Grup2-1024x659.jpg\",\"datePublished\":\"2022-10-31T18:05:23+00:00\",\"dateModified\":\"2025-10-20T22:35:44+00:00\",\"inLanguage\":\"ca\",\"potentialAction\":[{\"@type\":\"ReadAction\",\"target\":[\"https:\/\/www.aligapilates.com\/quien-puede-beneficiarse\/\"]}]},{\"@type\":\"ImageObject\",\"inLanguage\":\"ca\",\"@id\":\"https:\/\/www.aligapilates.com\/quien-puede-beneficiarse\/#primaryimage\",\"url\":\"https:\/\/www.aligapilates.com\/wp-content\/uploads\/2025\/10\/AligaPilates_Grup2-1024x659.jpg\",\"contentUrl\":\"https:\/\/www.aligapilates.com\/wp-content\/uploads\/2025\/10\/AligaPilates_Grup2-1024x659.jpg\"},{\"@type\":\"WebSite\",\"@id\":\"https:\/\/www.aligapilates.com\/#website\",\"url\":\"https:\/\/www.aligapilates.com\/\",\"name\":\"AligaPilates\",\"description\":\"\",\"publisher\":{\"@id\":\"https:\/\/www.aligapilates.com\/#organization\"},\"potentialAction\":[{\"@type\":\"SearchAction\",\"target\":{\"@type\":\"EntryPoint\",\"urlTemplate\":\"https:\/\/www.aligapilates.com\/?s={search_term_string}\"},\"query-input\":{\"@type\":\"PropertyValueSpecification\",\"valueRequired\":true,\"valueName\":\"search_term_string\"}}],\"inLanguage\":\"ca\"},{\"@type\":\"Organization\",\"@id\":\"https:\/\/www.aligapilates.com\/#organization\",\"name\":\"AligaPilates\",\"url\":\"https:\/\/www.aligapilates.com\/\",\"logo\":{\"@type\":\"ImageObject\",\"inLanguage\":\"ca\",\"@id\":\"https:\/\/www.aligapilates.com\/#\/schema\/logo\/image\/\",\"url\":\"https:\/\/www.aligapilates.com\/wp-content\/uploads\/2022\/10\/cropped-cropped-ALIGA-PILATES-_2-tons.png\",\"contentUrl\":\"https:\/\/www.aligapilates.com\/wp-content\/uploads\/2022\/10\/cropped-cropped-ALIGA-PILATES-_2-tons.png\",\"width\":1182,\"height\":275,\"caption\":\"AligaPilates\"},\"image\":{\"@id\":\"https:\/\/www.aligapilates.com\/#\/schema\/logo\/image\/\"},\"sameAs\":[\"https:\/\/www.instagram.com\/aligapilates\/\"]}]}<\/script>\n<!-- \/ Yoast SEO plugin. -->","yoast_head_json":{"title":"- AligaPilates","robots":{"index":"index","follow":"follow","max-snippet":"max-snippet:-1","max-image-preview":"max-image-preview:large","max-video-preview":"max-video-preview:-1"},"canonical":"https:\/\/www.aligapilates.com\/cat\/quien-puede-beneficiarse\/","og_locale":"ca_ES","og_type":"article","og_title":"- AligaPilates","og_description":"\u00bfQui\u00e9n puede beneficiarse del Pilates? Cualquiera puede beneficiarse de la pr\u00e1ctica de Pilates, independientemente de su edad, g\u00e9nero o patolog\u00eda f\u00edsica. El Aut\u00e9ntico Pilates consigue un desarrollo uniforme del cuerpo, equilibrando fuerza y flexibilidad; una evoluci\u00f3n f\u00edsica orientada a cada persona. Se centra en la calidad del movimiento, contribuyendo a la mejora de la condici\u00f3n &hellip; Read more \"\"","og_url":"https:\/\/www.aligapilates.com\/cat\/quien-puede-beneficiarse\/","og_site_name":"AligaPilates","article_modified_time":"2025-10-20T22:35:44+00:00","og_image":[{"width":2560,"height":1648,"url":"https:\/\/www.aligapilates.com\/wp-content\/uploads\/2025\/10\/AligaPilates_Grup2-scaled.jpg","type":"image\/jpeg"}],"twitter_card":"summary_large_image","twitter_misc":{"Temps estimat de lectura":"1 minut"},"schema":{"@context":"https:\/\/schema.org","@graph":[{"@type":"WebPage","@id":"https:\/\/www.aligapilates.com\/quien-puede-beneficiarse\/","url":"https:\/\/www.aligapilates.com\/quien-puede-beneficiarse\/","name":"- AligaPilates","isPartOf":{"@id":"https:\/\/www.aligapilates.com\/#website"},"primaryImageOfPage":{"@id":"https:\/\/www.aligapilates.com\/quien-puede-beneficiarse\/#primaryimage"},"image":{"@id":"https:\/\/www.aligapilates.com\/quien-puede-beneficiarse\/#primaryimage"},"thumbnailUrl":"https:\/\/www.aligapilates.com\/wp-content\/uploads\/2025\/10\/AligaPilates_Grup2-1024x659.jpg","datePublished":"2022-10-31T18:05:23+00:00","dateModified":"2025-10-20T22:35:44+00:00","inLanguage":"ca","potentialAction":[{"@type":"ReadAction","target":["https:\/\/www.aligapilates.com\/quien-puede-beneficiarse\/"]}]},{"@type":"ImageObject","inLanguage":"ca","@id":"https:\/\/www.aligapilates.com\/quien-puede-beneficiarse\/#primaryimage","url":"https:\/\/www.aligapilates.com\/wp-content\/uploads\/2025\/10\/AligaPilates_Grup2-1024x659.jpg","contentUrl":"https:\/\/www.aligapilates.com\/wp-content\/uploads\/2025\/10\/AligaPilates_Grup2-1024x659.jpg"},{"@type":"WebSite","@id":"https:\/\/www.aligapilates.com\/#website","url":"https:\/\/www.aligapilates.com\/","name":"AligaPilates","description":"","publisher":{"@id":"https:\/\/www.aligapilates.com\/#organization"},"potentialAction":[{"@type":"SearchAction","target":{"@type":"EntryPoint","urlTemplate":"https:\/\/www.aligapilates.com\/?s={search_term_string}"},"query-input":{"@type":"PropertyValueSpecification","valueRequired":true,"valueName":"search_term_string"}}],"inLanguage":"ca"},{"@type":"Organization","@id":"https:\/\/www.aligapilates.com\/#organization","name":"AligaPilates","url":"https:\/\/www.aligapilates.com\/","logo":{"@type":"ImageObject","inLanguage":"ca","@id":"https:\/\/www.aligapilates.com\/#\/schema\/logo\/image\/","url":"https:\/\/www.aligapilates.com\/wp-content\/uploads\/2022\/10\/cropped-cropped-ALIGA-PILATES-_2-tons.png","contentUrl":"https:\/\/www.aligapilates.com\/wp-content\/uploads\/2022\/10\/cropped-cropped-ALIGA-PILATES-_2-tons.png","width":1182,"height":275,"caption":"AligaPilates"},"image":{"@id":"https:\/\/www.aligapilates.com\/#\/schema\/logo\/image\/"},"sameAs":["https:\/\/www.instagram.com\/aligapilates\/"]}]}},"featured_media_urls":[],"_links":{"self":[{"href":"https:\/\/www.aligapilates.com\/cat\/wp-json\/wp\/v2\/pages\/504","targetHints":{"allow":["GET"]}}],"collection":[{"href":"https:\/\/www.aligapilates.com\/cat\/wp-json\/wp\/v2\/pages"}],"about":[{"href":"https:\/\/www.aligapilates.com\/cat\/wp-json\/wp\/v2\/types\/page"}],"author":[{"embeddable":true,"href":"https:\/\/www.aligapilates.com\/cat\/wp-json\/wp\/v2\/users\/1"}],"replies":[{"embeddable":true,"href":"https:\/\/www.aligapilates.com\/cat\/wp-json\/wp\/v2\/comments?post=504"}],"version-history":[{"count":25,"href":"https:\/\/www.aligapilates.com\/cat\/wp-json\/wp\/v2\/pages\/504\/revisions"}],"predecessor-version":[{"id":1341,"href":"https:\/\/www.aligapilates.com\/cat\/wp-json\/wp\/v2\/pages\/504\/revisions\/1341"}],"wp:attachment":[{"href":"https:\/\/www.aligapilates.com\/cat\/wp-json\/wp\/v2\/media?parent=504"}],"curies":[{"name":"wp","href":"https:\/\/api.w.org\/{rel}","templated":true}]}}