{"id":499,"date":"2022-10-31T18:01:27","date_gmt":"2022-10-31T18:01:27","guid":{"rendered":"https:\/\/www.aligapilates.com\/?page_id=499"},"modified":"2025-10-17T19:33:41","modified_gmt":"2025-10-17T19:33:41","slug":"que-es-el-autentico-pilates","status":"publish","type":"page","link":"https:\/\/www.aligapilates.com\/en\/que-es-el-autentico-pilates\/","title":{"rendered":""},"content":{"rendered":"<div class=\"wp-block-group alignfull has-background\" style=\"background-color:#eaefe6\"><div class=\"wp-block-group__inner-container is-layout-flow wp-block-group-is-layout-flow\">\n<div style=\"height:100px\" aria-hidden=\"true\" class=\"wp-block-spacer\"><\/div>\n\n\n\n<p class=\"has-text-color\" style=\"color:#000000;font-size:25px\"><strong>Authentic Pilates<\/strong><\/p>\n\n\n\n<div class=\"wp-block-media-text alignwide has-media-on-the-right is-stacked-on-mobile\"><div class=\"wp-block-media-text__content\">\n<div style=\"height:40px\" aria-hidden=\"true\" class=\"wp-block-spacer\"><\/div>\n\n\n\n<p><strong>Why Do We Teach Only Private Classes?<\/strong><\/p>\n\n\n\n<p>\u2013 At \u00c0ligaPilates we offer <strong>only one-to-one sessions<\/strong>, because Classical Pilates was designed to address the specific needs of each individual body.<br>\u2013 Working one-to-one allows the teacher to adapt each exercise to your posture, strength, pace, and progress, thus ensuring both the <strong>safety and a true transformation<\/strong>.<br>\u2013 Group or duet formats, although popular, often compromise precision and personalised attention\u2014both essential elements of the original method.<\/p>\n\n\n\n<p><strong>Why Do We Use Gratz Equipment?<\/strong><\/p>\n\n\n\n<p>\u2013 We teach exclusively with <strong>Gratz equipment<\/strong>, handcrafted according to the original specifications of <strong>Joseph Pilates<\/strong>.<br>\u2013 The unique proportions, resistance, and alignment of Gratz equipment create the ideal environment for authentic movement and true muscular balance.<br>\u2013 Using these classic machines preserves the integrity of the method and allows our clients to experience Pilates as it was originally conceived: <strong>Effective, intelligent, and deeply personal<\/strong>.<\/p>\n<\/div><figure class=\"wp-block-media-text__media\"><img fetchpriority=\"high\" decoding=\"async\" width=\"1024\" height=\"732\" src=\"https:\/\/www.aligapilates.com\/wp-content\/uploads\/2025\/10\/Captura-de-pantalla-2025-10-17-a-las-21.32.33-1024x732.png\" alt=\"\" class=\"wp-image-1295 size-full\" srcset=\"https:\/\/www.aligapilates.com\/wp-content\/uploads\/2025\/10\/Captura-de-pantalla-2025-10-17-a-las-21.32.33-1024x732.png 1024w, https:\/\/www.aligapilates.com\/wp-content\/uploads\/2025\/10\/Captura-de-pantalla-2025-10-17-a-las-21.32.33-300x215.png 300w, https:\/\/www.aligapilates.com\/wp-content\/uploads\/2025\/10\/Captura-de-pantalla-2025-10-17-a-las-21.32.33-768x549.png 768w, https:\/\/www.aligapilates.com\/wp-content\/uploads\/2025\/10\/Captura-de-pantalla-2025-10-17-a-las-21.32.33-1536x1098.png 1536w, https:\/\/www.aligapilates.com\/wp-content\/uploads\/2025\/10\/Captura-de-pantalla-2025-10-17-a-las-21.32.33-2048x1464.png 2048w, https:\/\/www.aligapilates.com\/wp-content\/uploads\/2025\/10\/Captura-de-pantalla-2025-10-17-a-las-21.32.33-18x12.png 18w, https:\/\/www.aligapilates.com\/wp-content\/uploads\/2025\/10\/Captura-de-pantalla-2025-10-17-a-las-21.32.33-2000x1430.png 2000w, https:\/\/www.aligapilates.com\/wp-content\/uploads\/2025\/10\/Captura-de-pantalla-2025-10-17-a-las-21.32.33-600x429.png 600w, https:\/\/www.aligapilates.com\/wp-content\/uploads\/2025\/10\/Captura-de-pantalla-2025-10-17-a-las-21.32.33-1200x858.png 1200w\" sizes=\"(max-width: 1024px) 100vw, 1024px\" \/><\/figure><\/div>\n<\/div><\/div>","protected":false},"excerpt":{"rendered":"<p>Aut\u00e9ntico Pilates Por Qu\u00e9 Ense\u00f1amos Solo Clases Individuales? &#8211; En \u00c0ligaPilates ofrecemos solo sesiones individuales, porque el Pilates Aut\u00e9ntico fue concebido para atender las necesidades espec\u00edficas de cada cuerpo.&#8211; Trabajar uno a uno permite al profesor adaptar cada ejercicio a tu postura, fuerza, ritmo y progreso, asegurando as\u00ed tanto la seguridad como una verdadera transformaci\u00f3n.&#8211; &hellip; <\/p>\n<p class=\"link-more\"><a href=\"https:\/\/www.aligapilates.com\/en\/que-es-el-autentico-pilates\/\" class=\"more-link\">Read more<span class=\"screen-reader-text\"> \u00ab\u00bb<\/span><\/a><\/p>","protected":false},"author":1,"featured_media":0,"parent":0,"menu_order":0,"comment_status":"closed","ping_status":"closed","template":"","meta":{"footnotes":""},"class_list":["post-499","page","type-page","status-publish","hentry"],"yoast_head":"<!-- This site is optimized with the Yoast SEO plugin v26.1.1 - https:\/\/yoast.com\/wordpress\/plugins\/seo\/ -->\n<title>- AligaPilates<\/title>\n<meta name=\"robots\" content=\"index, follow, max-snippet:-1, max-image-preview:large, max-video-preview:-1\" \/>\n<link rel=\"canonical\" href=\"https:\/\/www.aligapilates.com\/en\/que-es-el-autentico-pilates\/\" \/>\n<meta property=\"og:locale\" content=\"en_GB\" \/>\n<meta property=\"og:type\" content=\"article\" \/>\n<meta property=\"og:title\" content=\"- AligaPilates\" \/>\n<meta property=\"og:description\" content=\"Aut\u00e9ntico Pilates Por Qu\u00e9 Ense\u00f1amos Solo Clases Individuales? &#8211; En \u00c0ligaPilates ofrecemos solo sesiones individuales, porque el Pilates Aut\u00e9ntico fue concebido para atender las necesidades espec\u00edficas de cada cuerpo.&#8211; Trabajar uno a uno permite al profesor adaptar cada ejercicio a tu postura, fuerza, ritmo y progreso, asegurando as\u00ed tanto la seguridad como una verdadera transformaci\u00f3n.&#8211; &hellip; Read more &quot;&quot;\" \/>\n<meta property=\"og:url\" content=\"https:\/\/www.aligapilates.com\/en\/que-es-el-autentico-pilates\/\" \/>\n<meta property=\"og:site_name\" content=\"AligaPilates\" \/>\n<meta property=\"article:modified_time\" content=\"2025-10-17T19:33:41+00:00\" \/>\n<meta property=\"og:image\" content=\"https:\/\/www.aligapilates.com\/wp-content\/uploads\/2025\/10\/Captura-de-pantalla-2025-10-17-a-las-21.32.33.png\" \/>\n\t<meta property=\"og:image:width\" content=\"2400\" \/>\n\t<meta property=\"og:image:height\" content=\"1716\" \/>\n\t<meta property=\"og:image:type\" content=\"image\/png\" \/>\n<meta name=\"twitter:card\" content=\"summary_large_image\" \/>\n<meta name=\"twitter:label1\" content=\"Estimated reading time\" \/>\n\t<meta name=\"twitter:data1\" content=\"1 minute\" \/>\n<script type=\"application\/ld+json\" class=\"yoast-schema-graph\">{\"@context\":\"https:\/\/schema.org\",\"@graph\":[{\"@type\":\"WebPage\",\"@id\":\"https:\/\/www.aligapilates.com\/que-es-el-autentico-pilates\/\",\"url\":\"https:\/\/www.aligapilates.com\/que-es-el-autentico-pilates\/\",\"name\":\"- AligaPilates\",\"isPartOf\":{\"@id\":\"https:\/\/www.aligapilates.com\/#website\"},\"primaryImageOfPage\":{\"@id\":\"https:\/\/www.aligapilates.com\/que-es-el-autentico-pilates\/#primaryimage\"},\"image\":{\"@id\":\"https:\/\/www.aligapilates.com\/que-es-el-autentico-pilates\/#primaryimage\"},\"thumbnailUrl\":\"https:\/\/www.aligapilates.com\/wp-content\/uploads\/2025\/10\/Captura-de-pantalla-2025-10-17-a-las-21.32.33-1024x732.png\",\"datePublished\":\"2022-10-31T18:01:27+00:00\",\"dateModified\":\"2025-10-17T19:33:41+00:00\",\"inLanguage\":\"en-GB\",\"potentialAction\":[{\"@type\":\"ReadAction\",\"target\":[\"https:\/\/www.aligapilates.com\/que-es-el-autentico-pilates\/\"]}]},{\"@type\":\"ImageObject\",\"inLanguage\":\"en-GB\",\"@id\":\"https:\/\/www.aligapilates.com\/que-es-el-autentico-pilates\/#primaryimage\",\"url\":\"https:\/\/www.aligapilates.com\/wp-content\/uploads\/2025\/10\/Captura-de-pantalla-2025-10-17-a-las-21.32.33-1024x732.png\",\"contentUrl\":\"https:\/\/www.aligapilates.com\/wp-content\/uploads\/2025\/10\/Captura-de-pantalla-2025-10-17-a-las-21.32.33-1024x732.png\"},{\"@type\":\"WebSite\",\"@id\":\"https:\/\/www.aligapilates.com\/#website\",\"url\":\"https:\/\/www.aligapilates.com\/\",\"name\":\"AligaPilates\",\"description\":\"\",\"publisher\":{\"@id\":\"https:\/\/www.aligapilates.com\/#organization\"},\"potentialAction\":[{\"@type\":\"SearchAction\",\"target\":{\"@type\":\"EntryPoint\",\"urlTemplate\":\"https:\/\/www.aligapilates.com\/?s={search_term_string}\"},\"query-input\":{\"@type\":\"PropertyValueSpecification\",\"valueRequired\":true,\"valueName\":\"search_term_string\"}}],\"inLanguage\":\"en-GB\"},{\"@type\":\"Organization\",\"@id\":\"https:\/\/www.aligapilates.com\/#organization\",\"name\":\"AligaPilates\",\"url\":\"https:\/\/www.aligapilates.com\/\",\"logo\":{\"@type\":\"ImageObject\",\"inLanguage\":\"en-GB\",\"@id\":\"https:\/\/www.aligapilates.com\/#\/schema\/logo\/image\/\",\"url\":\"https:\/\/www.aligapilates.com\/wp-content\/uploads\/2022\/10\/cropped-cropped-ALIGA-PILATES-_2-tons.png\",\"contentUrl\":\"https:\/\/www.aligapilates.com\/wp-content\/uploads\/2022\/10\/cropped-cropped-ALIGA-PILATES-_2-tons.png\",\"width\":1182,\"height\":275,\"caption\":\"AligaPilates\"},\"image\":{\"@id\":\"https:\/\/www.aligapilates.com\/#\/schema\/logo\/image\/\"},\"sameAs\":[\"https:\/\/www.instagram.com\/aligapilates\/\"]}]}<\/script>\n<!-- \/ Yoast SEO plugin. -->","yoast_head_json":{"title":"- AligaPilates","robots":{"index":"index","follow":"follow","max-snippet":"max-snippet:-1","max-image-preview":"max-image-preview:large","max-video-preview":"max-video-preview:-1"},"canonical":"https:\/\/www.aligapilates.com\/en\/que-es-el-autentico-pilates\/","og_locale":"en_GB","og_type":"article","og_title":"- AligaPilates","og_description":"Aut\u00e9ntico Pilates Por Qu\u00e9 Ense\u00f1amos Solo Clases Individuales? &#8211; En \u00c0ligaPilates ofrecemos solo sesiones individuales, porque el Pilates Aut\u00e9ntico fue concebido para atender las necesidades espec\u00edficas de cada cuerpo.&#8211; Trabajar uno a uno permite al profesor adaptar cada ejercicio a tu postura, fuerza, ritmo y progreso, asegurando as\u00ed tanto la seguridad como una verdadera transformaci\u00f3n.&#8211; &hellip; Read more \"\"","og_url":"https:\/\/www.aligapilates.com\/en\/que-es-el-autentico-pilates\/","og_site_name":"AligaPilates","article_modified_time":"2025-10-17T19:33:41+00:00","og_image":[{"width":2400,"height":1716,"url":"https:\/\/www.aligapilates.com\/wp-content\/uploads\/2025\/10\/Captura-de-pantalla-2025-10-17-a-las-21.32.33.png","type":"image\/png"}],"twitter_card":"summary_large_image","twitter_misc":{"Estimated reading time":"1 minute"},"schema":{"@context":"https:\/\/schema.org","@graph":[{"@type":"WebPage","@id":"https:\/\/www.aligapilates.com\/que-es-el-autentico-pilates\/","url":"https:\/\/www.aligapilates.com\/que-es-el-autentico-pilates\/","name":"- AligaPilates","isPartOf":{"@id":"https:\/\/www.aligapilates.com\/#website"},"primaryImageOfPage":{"@id":"https:\/\/www.aligapilates.com\/que-es-el-autentico-pilates\/#primaryimage"},"image":{"@id":"https:\/\/www.aligapilates.com\/que-es-el-autentico-pilates\/#primaryimage"},"thumbnailUrl":"https:\/\/www.aligapilates.com\/wp-content\/uploads\/2025\/10\/Captura-de-pantalla-2025-10-17-a-las-21.32.33-1024x732.png","datePublished":"2022-10-31T18:01:27+00:00","dateModified":"2025-10-17T19:33:41+00:00","inLanguage":"en-GB","potentialAction":[{"@type":"ReadAction","target":["https:\/\/www.aligapilates.com\/que-es-el-autentico-pilates\/"]}]},{"@type":"ImageObject","inLanguage":"en-GB","@id":"https:\/\/www.aligapilates.com\/que-es-el-autentico-pilates\/#primaryimage","url":"https:\/\/www.aligapilates.com\/wp-content\/uploads\/2025\/10\/Captura-de-pantalla-2025-10-17-a-las-21.32.33-1024x732.png","contentUrl":"https:\/\/www.aligapilates.com\/wp-content\/uploads\/2025\/10\/Captura-de-pantalla-2025-10-17-a-las-21.32.33-1024x732.png"},{"@type":"WebSite","@id":"https:\/\/www.aligapilates.com\/#website","url":"https:\/\/www.aligapilates.com\/","name":"AligaPilates","description":"","publisher":{"@id":"https:\/\/www.aligapilates.com\/#organization"},"potentialAction":[{"@type":"SearchAction","target":{"@type":"EntryPoint","urlTemplate":"https:\/\/www.aligapilates.com\/?s={search_term_string}"},"query-input":{"@type":"PropertyValueSpecification","valueRequired":true,"valueName":"search_term_string"}}],"inLanguage":"en-GB"},{"@type":"Organization","@id":"https:\/\/www.aligapilates.com\/#organization","name":"AligaPilates","url":"https:\/\/www.aligapilates.com\/","logo":{"@type":"ImageObject","inLanguage":"en-GB","@id":"https:\/\/www.aligapilates.com\/#\/schema\/logo\/image\/","url":"https:\/\/www.aligapilates.com\/wp-content\/uploads\/2022\/10\/cropped-cropped-ALIGA-PILATES-_2-tons.png","contentUrl":"https:\/\/www.aligapilates.com\/wp-content\/uploads\/2022\/10\/cropped-cropped-ALIGA-PILATES-_2-tons.png","width":1182,"height":275,"caption":"AligaPilates"},"image":{"@id":"https:\/\/www.aligapilates.com\/#\/schema\/logo\/image\/"},"sameAs":["https:\/\/www.instagram.com\/aligapilates\/"]}]}},"featured_media_urls":[],"_links":{"self":[{"href":"https:\/\/www.aligapilates.com\/en\/wp-json\/wp\/v2\/pages\/499","targetHints":{"allow":["GET"]}}],"collection":[{"href":"https:\/\/www.aligapilates.com\/en\/wp-json\/wp\/v2\/pages"}],"about":[{"href":"https:\/\/www.aligapilates.com\/en\/wp-json\/wp\/v2\/types\/page"}],"author":[{"embeddable":true,"href":"https:\/\/www.aligapilates.com\/en\/wp-json\/wp\/v2\/users\/1"}],"replies":[{"embeddable":true,"href":"https:\/\/www.aligapilates.com\/en\/wp-json\/wp\/v2\/comments?post=499"}],"version-history":[{"count":14,"href":"https:\/\/www.aligapilates.com\/en\/wp-json\/wp\/v2\/pages\/499\/revisions"}],"predecessor-version":[{"id":1297,"href":"https:\/\/www.aligapilates.com\/en\/wp-json\/wp\/v2\/pages\/499\/revisions\/1297"}],"wp:attachment":[{"href":"https:\/\/www.aligapilates.com\/en\/wp-json\/wp\/v2\/media?parent=499"}],"curies":[{"name":"wp","href":"https:\/\/api.w.org\/{rel}","templated":true}]}}