{"id":9,"date":"2022-10-21T18:50:47","date_gmt":"2022-10-21T18:50:47","guid":{"rendered":"https:\/\/www.aligapilates.com\/?page_id=9"},"modified":"2025-10-20T22:31:08","modified_gmt":"2025-10-20T22:31:08","slug":"nuestro-estudio","status":"publish","type":"page","link":"https:\/\/www.aligapilates.com\/en\/nuestro-estudio\/","title":{"rendered":""},"content":{"rendered":"<div class=\"wp-block-group alignfull has-background\" style=\"background-color:#eaefe6\"><div class=\"wp-block-group__inner-container is-layout-flow wp-block-group-is-layout-flow\">\n<div class=\"wp-block-columns alignwide is-layout-flex wp-container-core-columns-is-layout-9d6595d7 wp-block-columns-is-layout-flex\">\n<div class=\"wp-block-column is-layout-flow wp-block-column-is-layout-flow\">\n<div style=\"height:100px\" aria-hidden=\"true\" class=\"wp-block-spacer\"><\/div>\n\n\n\n<p class=\"has-text-color\" style=\"color:#000000;font-size:25px\"><strong><strong>Our Team<\/strong><\/strong><\/p>\n<\/div>\n<\/div>\n\n\n\n<div class=\"wp-block-group alignwide\"><div class=\"wp-block-group__inner-container is-layout-flow wp-block-group-is-layout-flow\">\n<div class=\"wp-block-columns alignwide is-layout-flex wp-container-core-columns-is-layout-9d6595d7 wp-block-columns-is-layout-flex\">\n<div class=\"wp-block-column is-layout-flow wp-block-column-is-layout-flow\" style=\"flex-basis:33.38%\">\n<div style=\"height:39px\" aria-hidden=\"true\" class=\"wp-block-spacer\"><\/div>\n\n\n\n<p>AligaPilates has at its core co-founders Trevor Clarke Carlson and Manel Landete in addition to Professors Oscar Vidal Redondo and Albert Ausell\u00e9 Crosas. We are proud supporters and tutors of students enrolled in the certificate program at Escuela Espa\u00f1ola De Aut\u00e9ntico Pilates, EEEDAP.<\/p>\n<\/div>\n\n\n\n<div class=\"wp-block-column is-layout-flow wp-block-column-is-layout-flow\" style=\"flex-basis:33%\">\n<div style=\"height:100px\" aria-hidden=\"true\" class=\"wp-block-spacer\"><\/div>\n\n\n\n<figure class=\"wp-block-image size-full\"><img fetchpriority=\"high\" decoding=\"async\" width=\"288\" height=\"429\" src=\"https:\/\/www.aligapilates.com\/wp-content\/uploads\/2022\/11\/recorte-el-equipo-2-1.png\" alt=\"\" class=\"wp-image-800\" srcset=\"https:\/\/www.aligapilates.com\/wp-content\/uploads\/2022\/11\/recorte-el-equipo-2-1.png 288w, https:\/\/www.aligapilates.com\/wp-content\/uploads\/2022\/11\/recorte-el-equipo-2-1-201x300.png 201w, https:\/\/www.aligapilates.com\/wp-content\/uploads\/2022\/11\/recorte-el-equipo-2-1-8x12.png 8w\" sizes=\"(max-width: 288px) 100vw, 288px\" \/><\/figure>\n\n\n\n<div style=\"height:100px\" aria-hidden=\"true\" class=\"wp-block-spacer\"><\/div>\n<\/div>\n\n\n\n<div class=\"wp-block-column is-layout-flow wp-block-column-is-layout-flow\" style=\"flex-basis:33.62%\">\n<figure class=\"wp-block-image size-full is-resized\"><img decoding=\"async\" src=\"https:\/\/www.aligapilates.com\/wp-content\/uploads\/2024\/08\/IMG_8920.heic\" alt=\"\" class=\"wp-image-1218\" style=\"aspect-ratio:0.666015625;width:272px;height:auto\"\/><\/figure>\n<\/div>\n<\/div>\n\n\n\n<p class=\"has-text-color\" style=\"color:#000000;font-size:25px\"><strong><strong>Our Practice<\/strong><\/strong><\/p>\n\n\n\n<div class=\"wp-block-columns alignwide is-layout-flex wp-container-core-columns-is-layout-9d6595d7 wp-block-columns-is-layout-flex\">\n<div class=\"wp-block-column is-layout-flow wp-block-column-is-layout-flow\" style=\"flex-basis:33.38%\">\n<p>\u00c0ligaPilates, located near Pla\u00e7a Francesc Maci\u00e0 in Barcelona, is a fully equipped Pilates\nstudio offering personalized classes in Authentic Pilates Instruction. Our Professionals design\none-on-one classes following the needs of each client using all the apparatus created by\nJoseph Pilates.<\/p>\n\n\n\n<p>We follow the level demanded and maintained by first-generation teachers of Joseph Pilates\nand have studied extensively with master instructor Fabien Menegon, who trained directly\nwith Joseph Pilates\u2019 primary disciple Romana Kryzanowska.&nbsp;<\/p>\n<\/div>\n\n\n\n<div class=\"wp-block-column is-layout-flow wp-block-column-is-layout-flow\" style=\"flex-basis:33%\">\n<div style=\"height:100px\" aria-hidden=\"true\" class=\"wp-block-spacer\"><\/div>\n\n\n\n<figure class=\"wp-block-image size-full\"><img decoding=\"async\" src=\"https:\/\/www.aligapilates.com\/wp-content\/uploads\/2024\/08\/IMG_9037.heic\" alt=\"\" class=\"wp-image-1214\"\/><\/figure>\n<\/div>\n\n\n\n<div class=\"wp-block-column is-layout-flow wp-block-column-is-layout-flow\" style=\"flex-basis:33.62%\">\n<figure class=\"wp-block-image size-full\"><img decoding=\"async\" width=\"1920\" height=\"2560\" src=\"https:\/\/www.aligapilates.com\/wp-content\/uploads\/2024\/08\/IMG_8902-scaled.jpg\" alt=\"\" class=\"wp-image-1238\" srcset=\"https:\/\/www.aligapilates.com\/wp-content\/uploads\/2024\/08\/IMG_8902-scaled.jpg 1920w, https:\/\/www.aligapilates.com\/wp-content\/uploads\/2024\/08\/IMG_8902-225x300.jpg 225w, https:\/\/www.aligapilates.com\/wp-content\/uploads\/2024\/08\/IMG_8902-768x1024.jpg 768w, https:\/\/www.aligapilates.com\/wp-content\/uploads\/2024\/08\/IMG_8902-1152x1536.jpg 1152w, https:\/\/www.aligapilates.com\/wp-content\/uploads\/2024\/08\/IMG_8902-1536x2048.jpg 1536w, https:\/\/www.aligapilates.com\/wp-content\/uploads\/2024\/08\/IMG_8902-9x12.jpg 9w, https:\/\/www.aligapilates.com\/wp-content\/uploads\/2024\/08\/IMG_8902-2000x2667.jpg 2000w\" sizes=\"(max-width: 1920px) 100vw, 1920px\" \/><\/figure>\n<\/div>\n<\/div>\n<\/div><\/div>\n\n\n\n<div class=\"wp-block-group alignfull has-background\" style=\"background-color:#eaefe6\"><div class=\"wp-block-group__inner-container is-layout-flow wp-block-group-is-layout-flow\">\n<div style=\"height:110px\" aria-hidden=\"true\" class=\"wp-block-spacer\"><\/div>\n\n\n\n<p class=\"has-text-color\" style=\"color:#000000;font-size:25px\"><strong><strong><strong><strong><strong><strong>What is Authentic Pilates?<\/strong><\/strong><\/strong><\/strong><\/strong><\/strong><\/p>\n\n\n\n<div class=\"wp-block-media-text alignwide has-media-on-the-right is-stacked-on-mobile\"><div class=\"wp-block-media-text__content\">\n<div style=\"height:40px\" aria-hidden=\"true\" class=\"wp-block-spacer\"><\/div>\n\n\n\n<p>Today it is common to hear the terms \"Pilates Mat\", \"Pilates Reformer\" or \"Pilates with machines\" as if there were different and isolated types of Pilates... and such a thing does not exist.<\/p>\n\n\n\n<p>In Authentic Pilates everything is integrated, the exercises of each apparatus are related to each other and act synergistically as part of the same method. They are tools that we use so that each person achieves the maximum physical evolution according to their needs.<\/p>\n\n\n\n<p>The Authentic Pilates Method is the brand that defines the most faithful practice to the original method designed by Joseph Pilates, as is currently taught in New York City.<\/p>\n<\/div><figure class=\"wp-block-media-text__media\"><img decoding=\"async\" width=\"768\" height=\"1024\" src=\"https:\/\/www.aligapilates.com\/wp-content\/uploads\/2022\/10\/1022549-2-768x1024.jpg\" alt=\"\" class=\"wp-image-56 size-full\" srcset=\"https:\/\/www.aligapilates.com\/wp-content\/uploads\/2022\/10\/1022549-2-768x1024.jpg 768w, https:\/\/www.aligapilates.com\/wp-content\/uploads\/2022\/10\/1022549-2-225x300.jpg 225w, https:\/\/www.aligapilates.com\/wp-content\/uploads\/2022\/10\/1022549-2-1152x1536.jpg 1152w, https:\/\/www.aligapilates.com\/wp-content\/uploads\/2022\/10\/1022549-2-1536x2048.jpg 1536w, https:\/\/www.aligapilates.com\/wp-content\/uploads\/2022\/10\/1022549-2-2000x2667.jpg 2000w, https:\/\/www.aligapilates.com\/wp-content\/uploads\/2022\/10\/1022549-2-600x800.jpg 600w, https:\/\/www.aligapilates.com\/wp-content\/uploads\/2022\/10\/1022549-2-scaled.jpg 1920w\" sizes=\"(max-width: 768px) 100vw, 768px\" \/><\/figure><\/div>\n\n\n\n<div style=\"height:162px\" aria-hidden=\"true\" class=\"wp-block-spacer\"><\/div>\n<\/div><\/div>\n\n\n\n<p class=\"has-text-color\" style=\"color:#000000;font-size:25px\"><strong><strong><strong><strong><strong><strong>Who can Benefit from Pilates?<\/strong><\/strong><\/strong><\/strong><\/strong><\/strong><\/p>\n\n\n\n<div class=\"wp-block-columns alignwide is-layout-flex wp-container-core-columns-is-layout-9d6595d7 wp-block-columns-is-layout-flex\">\n<div class=\"wp-block-column is-layout-flow wp-block-column-is-layout-flow\" style=\"flex-basis:67%\"><div class=\"wp-block-image is-resized\">\n<figure class=\"aligncenter size-large\"><img loading=\"lazy\" decoding=\"async\" width=\"768\" height=\"1024\" src=\"https:\/\/www.aligapilates.com\/wp-content\/uploads\/2024\/08\/IMG_8920-768x1024.jpg\" alt=\"\" class=\"wp-image-1229\" srcset=\"https:\/\/www.aligapilates.com\/wp-content\/uploads\/2024\/08\/IMG_8920-768x1024.jpg 768w, https:\/\/www.aligapilates.com\/wp-content\/uploads\/2024\/08\/IMG_8920-225x300.jpg 225w, https:\/\/www.aligapilates.com\/wp-content\/uploads\/2024\/08\/IMG_8920-1152x1536.jpg 1152w, https:\/\/www.aligapilates.com\/wp-content\/uploads\/2024\/08\/IMG_8920-1536x2048.jpg 1536w, https:\/\/www.aligapilates.com\/wp-content\/uploads\/2024\/08\/IMG_8920-9x12.jpg 9w, https:\/\/www.aligapilates.com\/wp-content\/uploads\/2024\/08\/IMG_8920-2000x2667.jpg 2000w, https:\/\/www.aligapilates.com\/wp-content\/uploads\/2024\/08\/IMG_8920-600x800.jpg 600w, https:\/\/www.aligapilates.com\/wp-content\/uploads\/2024\/08\/IMG_8920-1200x1600.jpg 1200w, https:\/\/www.aligapilates.com\/wp-content\/uploads\/2024\/08\/IMG_8920-scaled.jpg 1920w\" sizes=\"(max-width: 768px) 100vw, 768px\" \/><\/figure>\n<\/div>\n\n\n<p class=\"has-text-align-left has-black-color has-text-color\"><\/p>\n<\/div>\n\n\n\n<div class=\"wp-block-column is-vertically-aligned-top is-layout-flow wp-block-column-is-layout-flow\" style=\"flex-basis:33%\">\n<p>Anyone can benefit by practicing Pilates regardless of age, gender, or physical pathology.<\/p>\n\n\n\n<p>Authentic Pilates develops the body uniformly, balancing it in strength and flexibility; a physical evolution geared to the individual. It focuses on the quality of movement, improving physical fitness, sports performance, and recovery from injuries.<\/p>\n<\/div>\n<\/div>\n\n\n\n<p>When the Pilates Method is practiced on a regular basis, it encompasses all aspects of\nhealth, maximizing physical potential in everyone: better posture, strength,\nflexibility, coordination, agility and control.<\/p>\n<\/div><\/div>","protected":false},"excerpt":{"rendered":"<p>Nuestro Equipo \u00c0ligaPilates tiene como n\u00facleo a sus cofundadores Trevor Clarke Carlson y Manel Landete, adem\u00e1s de los profesores Oscar Vidal Redondo y Albert Ausell\u00e9 Crosas. Somos orgullosos colaboradores y tutores de los alumnos inscritos del programa de certificaci\u00f3n de la Escuela Espa\u00f1ola de Aut\u00e9ntico Pilates, EEDAP. Nuestra Pr\u00e1ctica \u00c0ligaPilates, situado cerca de la Plaza &hellip; <\/p>\n<p class=\"link-more\"><a href=\"https:\/\/www.aligapilates.com\/en\/nuestro-estudio\/\" class=\"more-link\">Read more<span class=\"screen-reader-text\"> \u00ab\u00bb<\/span><\/a><\/p>","protected":false},"author":1,"featured_media":0,"parent":0,"menu_order":0,"comment_status":"closed","ping_status":"closed","template":"","meta":{"footnotes":""},"class_list":["post-9","page","type-page","status-publish","hentry"],"yoast_head":"<!-- This site is optimized with the Yoast SEO plugin v26.1.1 - https:\/\/yoast.com\/wordpress\/plugins\/seo\/ -->\n<title>- AligaPilates<\/title>\n<meta name=\"robots\" content=\"index, follow, max-snippet:-1, max-image-preview:large, max-video-preview:-1\" \/>\n<link rel=\"canonical\" href=\"https:\/\/www.aligapilates.com\/en\/nuestro-estudio\/\" \/>\n<meta property=\"og:locale\" content=\"en_GB\" \/>\n<meta property=\"og:type\" content=\"article\" \/>\n<meta property=\"og:title\" content=\"- AligaPilates\" \/>\n<meta property=\"og:description\" content=\"Nuestro Equipo \u00c0ligaPilates tiene como n\u00facleo a sus cofundadores Trevor Clarke Carlson y Manel Landete, adem\u00e1s de los profesores Oscar Vidal Redondo y Albert Ausell\u00e9 Crosas. Somos orgullosos colaboradores y tutores de los alumnos inscritos del programa de certificaci\u00f3n de la Escuela Espa\u00f1ola de Aut\u00e9ntico Pilates, EEDAP. Nuestra Pr\u00e1ctica \u00c0ligaPilates, situado cerca de la Plaza &hellip; Read more &quot;&quot;\" \/>\n<meta property=\"og:url\" content=\"https:\/\/www.aligapilates.com\/en\/nuestro-estudio\/\" \/>\n<meta property=\"og:site_name\" content=\"AligaPilates\" \/>\n<meta property=\"article:modified_time\" content=\"2025-10-20T22:31:08+00:00\" \/>\n<meta property=\"og:image\" content=\"https:\/\/www.aligapilates.com\/wp-content\/uploads\/2022\/11\/recorte-el-equipo-2-1.png\" \/>\n\t<meta property=\"og:image:width\" content=\"288\" \/>\n\t<meta property=\"og:image:height\" content=\"429\" \/>\n\t<meta property=\"og:image:type\" content=\"image\/png\" \/>\n<meta name=\"twitter:card\" content=\"summary_large_image\" \/>\n<meta name=\"twitter:label1\" content=\"Estimated reading time\" \/>\n\t<meta name=\"twitter:data1\" content=\"3 minutes\" \/>\n<script type=\"application\/ld+json\" class=\"yoast-schema-graph\">{\"@context\":\"https:\/\/schema.org\",\"@graph\":[{\"@type\":\"WebPage\",\"@id\":\"https:\/\/www.aligapilates.com\/nuestro-estudio\/\",\"url\":\"https:\/\/www.aligapilates.com\/nuestro-estudio\/\",\"name\":\"- AligaPilates\",\"isPartOf\":{\"@id\":\"https:\/\/www.aligapilates.com\/#website\"},\"primaryImageOfPage\":{\"@id\":\"https:\/\/www.aligapilates.com\/nuestro-estudio\/#primaryimage\"},\"image\":{\"@id\":\"https:\/\/www.aligapilates.com\/nuestro-estudio\/#primaryimage\"},\"thumbnailUrl\":\"https:\/\/www.aligapilates.com\/wp-content\/uploads\/2022\/11\/recorte-el-equipo-2-1.png\",\"datePublished\":\"2022-10-21T18:50:47+00:00\",\"dateModified\":\"2025-10-20T22:31:08+00:00\",\"inLanguage\":\"en-GB\",\"potentialAction\":[{\"@type\":\"ReadAction\",\"target\":[\"https:\/\/www.aligapilates.com\/nuestro-estudio\/\"]}]},{\"@type\":\"ImageObject\",\"inLanguage\":\"en-GB\",\"@id\":\"https:\/\/www.aligapilates.com\/nuestro-estudio\/#primaryimage\",\"url\":\"https:\/\/www.aligapilates.com\/wp-content\/uploads\/2022\/11\/recorte-el-equipo-2-1.png\",\"contentUrl\":\"https:\/\/www.aligapilates.com\/wp-content\/uploads\/2022\/11\/recorte-el-equipo-2-1.png\"},{\"@type\":\"WebSite\",\"@id\":\"https:\/\/www.aligapilates.com\/#website\",\"url\":\"https:\/\/www.aligapilates.com\/\",\"name\":\"AligaPilates\",\"description\":\"\",\"publisher\":{\"@id\":\"https:\/\/www.aligapilates.com\/#organization\"},\"potentialAction\":[{\"@type\":\"SearchAction\",\"target\":{\"@type\":\"EntryPoint\",\"urlTemplate\":\"https:\/\/www.aligapilates.com\/?s={search_term_string}\"},\"query-input\":{\"@type\":\"PropertyValueSpecification\",\"valueRequired\":true,\"valueName\":\"search_term_string\"}}],\"inLanguage\":\"en-GB\"},{\"@type\":\"Organization\",\"@id\":\"https:\/\/www.aligapilates.com\/#organization\",\"name\":\"AligaPilates\",\"url\":\"https:\/\/www.aligapilates.com\/\",\"logo\":{\"@type\":\"ImageObject\",\"inLanguage\":\"en-GB\",\"@id\":\"https:\/\/www.aligapilates.com\/#\/schema\/logo\/image\/\",\"url\":\"https:\/\/www.aligapilates.com\/wp-content\/uploads\/2022\/10\/cropped-cropped-ALIGA-PILATES-_2-tons.png\",\"contentUrl\":\"https:\/\/www.aligapilates.com\/wp-content\/uploads\/2022\/10\/cropped-cropped-ALIGA-PILATES-_2-tons.png\",\"width\":1182,\"height\":275,\"caption\":\"AligaPilates\"},\"image\":{\"@id\":\"https:\/\/www.aligapilates.com\/#\/schema\/logo\/image\/\"},\"sameAs\":[\"https:\/\/www.instagram.com\/aligapilates\/\"]}]}<\/script>\n<!-- \/ Yoast SEO plugin. -->","yoast_head_json":{"title":"- AligaPilates","robots":{"index":"index","follow":"follow","max-snippet":"max-snippet:-1","max-image-preview":"max-image-preview:large","max-video-preview":"max-video-preview:-1"},"canonical":"https:\/\/www.aligapilates.com\/en\/nuestro-estudio\/","og_locale":"en_GB","og_type":"article","og_title":"- AligaPilates","og_description":"Nuestro Equipo \u00c0ligaPilates tiene como n\u00facleo a sus cofundadores Trevor Clarke Carlson y Manel Landete, adem\u00e1s de los profesores Oscar Vidal Redondo y Albert Ausell\u00e9 Crosas. Somos orgullosos colaboradores y tutores de los alumnos inscritos del programa de certificaci\u00f3n de la Escuela Espa\u00f1ola de Aut\u00e9ntico Pilates, EEDAP. Nuestra Pr\u00e1ctica \u00c0ligaPilates, situado cerca de la Plaza &hellip; Read more \"\"","og_url":"https:\/\/www.aligapilates.com\/en\/nuestro-estudio\/","og_site_name":"AligaPilates","article_modified_time":"2025-10-20T22:31:08+00:00","og_image":[{"width":288,"height":429,"url":"https:\/\/www.aligapilates.com\/wp-content\/uploads\/2022\/11\/recorte-el-equipo-2-1.png","type":"image\/png"}],"twitter_card":"summary_large_image","twitter_misc":{"Estimated reading time":"3 minutes"},"schema":{"@context":"https:\/\/schema.org","@graph":[{"@type":"WebPage","@id":"https:\/\/www.aligapilates.com\/nuestro-estudio\/","url":"https:\/\/www.aligapilates.com\/nuestro-estudio\/","name":"- AligaPilates","isPartOf":{"@id":"https:\/\/www.aligapilates.com\/#website"},"primaryImageOfPage":{"@id":"https:\/\/www.aligapilates.com\/nuestro-estudio\/#primaryimage"},"image":{"@id":"https:\/\/www.aligapilates.com\/nuestro-estudio\/#primaryimage"},"thumbnailUrl":"https:\/\/www.aligapilates.com\/wp-content\/uploads\/2022\/11\/recorte-el-equipo-2-1.png","datePublished":"2022-10-21T18:50:47+00:00","dateModified":"2025-10-20T22:31:08+00:00","inLanguage":"en-GB","potentialAction":[{"@type":"ReadAction","target":["https:\/\/www.aligapilates.com\/nuestro-estudio\/"]}]},{"@type":"ImageObject","inLanguage":"en-GB","@id":"https:\/\/www.aligapilates.com\/nuestro-estudio\/#primaryimage","url":"https:\/\/www.aligapilates.com\/wp-content\/uploads\/2022\/11\/recorte-el-equipo-2-1.png","contentUrl":"https:\/\/www.aligapilates.com\/wp-content\/uploads\/2022\/11\/recorte-el-equipo-2-1.png"},{"@type":"WebSite","@id":"https:\/\/www.aligapilates.com\/#website","url":"https:\/\/www.aligapilates.com\/","name":"AligaPilates","description":"","publisher":{"@id":"https:\/\/www.aligapilates.com\/#organization"},"potentialAction":[{"@type":"SearchAction","target":{"@type":"EntryPoint","urlTemplate":"https:\/\/www.aligapilates.com\/?s={search_term_string}"},"query-input":{"@type":"PropertyValueSpecification","valueRequired":true,"valueName":"search_term_string"}}],"inLanguage":"en-GB"},{"@type":"Organization","@id":"https:\/\/www.aligapilates.com\/#organization","name":"AligaPilates","url":"https:\/\/www.aligapilates.com\/","logo":{"@type":"ImageObject","inLanguage":"en-GB","@id":"https:\/\/www.aligapilates.com\/#\/schema\/logo\/image\/","url":"https:\/\/www.aligapilates.com\/wp-content\/uploads\/2022\/10\/cropped-cropped-ALIGA-PILATES-_2-tons.png","contentUrl":"https:\/\/www.aligapilates.com\/wp-content\/uploads\/2022\/10\/cropped-cropped-ALIGA-PILATES-_2-tons.png","width":1182,"height":275,"caption":"AligaPilates"},"image":{"@id":"https:\/\/www.aligapilates.com\/#\/schema\/logo\/image\/"},"sameAs":["https:\/\/www.instagram.com\/aligapilates\/"]}]}},"featured_media_urls":[],"_links":{"self":[{"href":"https:\/\/www.aligapilates.com\/en\/wp-json\/wp\/v2\/pages\/9","targetHints":{"allow":["GET"]}}],"collection":[{"href":"https:\/\/www.aligapilates.com\/en\/wp-json\/wp\/v2\/pages"}],"about":[{"href":"https:\/\/www.aligapilates.com\/en\/wp-json\/wp\/v2\/types\/page"}],"author":[{"embeddable":true,"href":"https:\/\/www.aligapilates.com\/en\/wp-json\/wp\/v2\/users\/1"}],"replies":[{"embeddable":true,"href":"https:\/\/www.aligapilates.com\/en\/wp-json\/wp\/v2\/comments?post=9"}],"version-history":[{"count":134,"href":"https:\/\/www.aligapilates.com\/en\/wp-json\/wp\/v2\/pages\/9\/revisions"}],"predecessor-version":[{"id":1336,"href":"https:\/\/www.aligapilates.com\/en\/wp-json\/wp\/v2\/pages\/9\/revisions\/1336"}],"wp:attachment":[{"href":"https:\/\/www.aligapilates.com\/en\/wp-json\/wp\/v2\/media?parent=9"}],"curies":[{"name":"wp","href":"https:\/\/api.w.org\/{rel}","templated":true}]}}